{"id":30,"date":"2025-07-08T20:25:54","date_gmt":"2025-07-08T20:25:54","guid":{"rendered":"https:\/\/gestionimmobilius.com\/fr\/?page_id=30"},"modified":"2026-02-11T17:09:25","modified_gmt":"2026-02-11T21:09:25","slug":"nous-joindre","status":"publish","type":"page","link":"https:\/\/gestionimmobilius.com\/fr\/nous-joindre\/","title":{"rendered":"Nous joindre"},"content":{"rendered":"\n[et_pb_section fb_built=\u00a0\u00bb1&Prime; _builder_version=\u00a0\u00bb4.27.4&Prime; _module_preset=\u00a0\u00bbdefault\u00a0\u00bb global_colors_info=\u00a0\u00bb{}\u00a0\u00bb][et_pb_row column_structure=\u00a0\u00bb1_2,1_2&Prime; _builder_version=\u00a0\u00bb4.27.4&Prime; _module_preset=\u00a0\u00bbdefault\u00a0\u00bb background_color=\u00a0\u00bb#FFFFFF\u00a0\u00bb global_colors_info=\u00a0\u00bb{}\u00a0\u00bb][et_pb_column type=\u00a0\u00bb1_2&Prime; _builder_version=\u00a0\u00bb4.27.4&Prime; _module_preset=\u00a0\u00bbdefault\u00a0\u00bb global_colors_info=\u00a0\u00bb{}\u00a0\u00bb][et_pb_blurb title=\u00a0\u00bbGestion Immobilius\u00a0\u00bb image=\u00a0\u00bbhttps:\/\/gestionimmobilius.com\/fr\/wp-content\/uploads\/2025\/07\/logo-gestionimmobilius-entete.jpg\u00a0\u00bb image_icon_width=\u00a0\u00bb34%\u00a0\u00bb icon_alignment=\u00a0\u00bbleft\u00a0\u00bb _builder_version=\u00a0\u00bb4.27.4&Prime; _module_preset=\u00a0\u00bbdefault\u00a0\u00bb header_text_color=\u00a0\u00bb#FFFFFF\u00a0\u00bb body_text_color=\u00a0\u00bb#FFFFFF\u00a0\u00bb background_color=\u00a0\u00bb#000000&Prime; custom_padding=\u00a0\u00bb|2px||36px|false|false\u00a0\u00bb border_radii=\u00a0\u00bbon|14px|14px|14px|14px\u00a0\u00bb global_colors_info=\u00a0\u00bb{}\u00a0\u00bb]<p>Katrine Beaudry<\/p>[\/et_pb_blurb][et_pb_blurb title=\u00a0\u00bb11 rue St-Aubin, Delson, Qc. J5B 1A2&Prime; use_icon=\u00a0\u00bbon\u00a0\u00bb font_icon=\u00a0\u00bb&#xf015;||fa||900&Prime; icon_color=\u00a0\u00bbgcid-ca765d72-3f3d-4c92-a594-2b1310e5fea4&Prime; icon_placement=\u00a0\u00bbleft\u00a0\u00bb image_icon_width=\u00a0\u00bb24px\u00a0\u00bb _builder_version=\u00a0\u00bb4.27.4&Prime; _module_preset=\u00a0\u00bbdefault\u00a0\u00bb header_text_color=\u00a0\u00bb#000000&Prime; custom_margin=\u00a0\u00bb||8px|||\u00a0\u00bb link_option_url=\u00a0\u00bbmailto:projet@gestionimmobilius.com\u00a0\u00bb global_colors_info=\u00a0\u00bb{%22gcid-ca765d72-3f3d-4c92-a594-2b1310e5fea4%22:%91%22icon_color%22%93}\u00a0\u00bb][\/et_pb_blurb][et_pb_blurb title=\u00a0\u00bb514.292.1424&Prime; use_icon=\u00a0\u00bbon\u00a0\u00bb font_icon=\u00a0\u00bb&#xf3cd;||fa||900&Prime; icon_color=\u00a0\u00bbgcid-ca765d72-3f3d-4c92-a594-2b1310e5fea4&Prime; icon_placement=\u00a0\u00bbleft\u00a0\u00bb image_icon_width=\u00a0\u00bb24px\u00a0\u00bb _builder_version=\u00a0\u00bb4.27.4&Prime; _module_preset=\u00a0\u00bbdefault\u00a0\u00bb header_level=\u00a0\u00bbh3&Prime; header_font=\u00a0\u00bb|||on|||||\u00a0\u00bb header_text_color=\u00a0\u00bb#000000&Prime; custom_margin=\u00a0\u00bb||8px|||\u00a0\u00bb link_option_url=\u00a0\u00bbphoneto:5142921424&Prime; global_colors_info=\u00a0\u00bb{%22gcid-ca765d72-3f3d-4c92-a594-2b1310e5fea4%22:%91%22icon_color%22%93}\u00a0\u00bb][\/et_pb_blurb][et_pb_blurb title=\u00a0\u00bbprojet@gestionimmobilius.com\u00a0\u00bb use_icon=\u00a0\u00bbon\u00a0\u00bb font_icon=\u00a0\u00bb&#xe076;||divi||400&Prime; icon_color=\u00a0\u00bbgcid-ca765d72-3f3d-4c92-a594-2b1310e5fea4&Prime; icon_placement=\u00a0\u00bbleft\u00a0\u00bb image_icon_width=\u00a0\u00bb24px\u00a0\u00bb _builder_version=\u00a0\u00bb4.27.4&Prime; _module_preset=\u00a0\u00bbdefault\u00a0\u00bb header_text_color=\u00a0\u00bb#000000&Prime; custom_margin=\u00a0\u00bb||8px|||\u00a0\u00bb link_option_url=\u00a0\u00bbmailto:projet@gestionimmobilius.com\u00a0\u00bb global_colors_info=\u00a0\u00bb{%22gcid-ca765d72-3f3d-4c92-a594-2b1310e5fea4%22:%91%22icon_color%22%93}\u00a0\u00bb][\/et_pb_blurb][et_pb_blurb title=\u00a0\u00bbRBQ : 5860-5858-01&Prime; use_icon=\u00a0\u00bbon\u00a0\u00bb font_icon=\u00a0\u00bb&#xe608;||divi||400&Prime; icon_color=\u00a0\u00bbgcid-ca765d72-3f3d-4c92-a594-2b1310e5fea4&Prime; icon_placement=\u00a0\u00bbleft\u00a0\u00bb image_icon_width=\u00a0\u00bb24px\u00a0\u00bb _builder_version=\u00a0\u00bb4.27.4&Prime; _module_preset=\u00a0\u00bbdefault\u00a0\u00bb header_text_color=\u00a0\u00bb#000000&Prime; custom_margin=\u00a0\u00bb||8px|||\u00a0\u00bb link_option_url=\u00a0\u00bbmailto:projet@gestionimmobilius.com\u00a0\u00bb global_colors_info=\u00a0\u00bb{%22gcid-ca765d72-3f3d-4c92-a594-2b1310e5fea4%22:%91%22icon_color%22%93}\u00a0\u00bb][\/et_pb_blurb][et_pb_code _builder_version=\u00a0\u00bb4.27.4&Prime; _module_preset=\u00a0\u00bbdefault\u00a0\u00bb global_colors_info=\u00a0\u00bb{}\u00a0\u00bb][\/et_pb_code][\/et_pb_column][et_pb_column type=\u00a0\u00bb1_2&Prime; _builder_version=\u00a0\u00bb4.27.4&Prime; _module_preset=\u00a0\u00bbdefault\u00a0\u00bb global_colors_info=\u00a0\u00bb{}\u00a0\u00bb][et_pb_text _builder_version=\u00a0\u00bb4.27.4&Prime; _module_preset=\u00a0\u00bbdefault\u00a0\u00bb text_font=\u00a0\u00bb|||on|||||\u00a0\u00bb text_text_color=\u00a0\u00bbgcid-ca765d72-3f3d-4c92-a594-2b1310e5fea4&Prime; text_font_size=\u00a0\u00bb20px\u00a0\u00bb global_colors_info=\u00a0\u00bb{%22gcid-ca765d72-3f3d-4c92-a594-2b1310e5fea4%22:%91%22text_text_color%22%93}\u00a0\u00bb]<p><strong>CONTACTEZ-NOUS !<\/strong><\/p>[\/et_pb_text][et_pb_contact_form email=\u00a0\u00bbprojet@gestionimmobilius.com\u00a0\u00bb title=\u00a0\u00bbPour plus d&rsquo;informations, nous \u00e9crire\u00a0\u00bb success_message=\u00a0\u00bbVotre message a bien \u00e9t\u00e9 envoy\u00e9. \u00a0\u00bb submit_button_text=\u00a0\u00bbEnvoyer\u00a0\u00bb _builder_version=\u00a0\u00bb4.27.4&Prime; _module_preset=\u00a0\u00bbdefault\u00a0\u00bb _unique_id=\u00a0\u00bb44853967-7f6a-44b6-854b-2a2b9d6ae145&Prime; custom_button=\u00a0\u00bbon\u00a0\u00bb button_text_color=\u00a0\u00bb#000000&Prime; button_bg_color=\u00a0\u00bbgcid-ca765d72-3f3d-4c92-a594-2b1310e5fea4&Prime; button_border_width=\u00a0\u00bb5px\u00a0\u00bb button_border_color=\u00a0\u00bbgcid-ca765d72-3f3d-4c92-a594-2b1310e5fea4&Prime; button_border_radius=\u00a0\u00bb7px\u00a0\u00bb border_width_all=\u00a0\u00bb2px\u00a0\u00bb box_shadow_style=\u00a0\u00bbpreset3&Prime; box_shadow_style_button=\u00a0\u00bbpreset1&Prime; global_colors_info=\u00a0\u00bb{%22gcid-ca765d72-3f3d-4c92-a594-2b1310e5fea4%22:%91%22button_bg_color%22,%22button_border_color%22%93}\u00a0\u00bb][et_pb_contact_field field_id=\u00a0\u00bbNom\u00a0\u00bb field_title=\u00a0\u00bbNom\u00a0\u00bb _builder_version=\u00a0\u00bb4.27.4&Prime; global_colors_info=\u00a0\u00bb{}\u00a0\u00bb button_text_size__hover_enabled=\u00a0\u00bboff\u00a0\u00bb button_one_text_size__hover_enabled=\u00a0\u00bboff\u00a0\u00bb button_two_text_size__hover_enabled=\u00a0\u00bboff\u00a0\u00bb button_text_color__hover_enabled=\u00a0\u00bboff\u00a0\u00bb button_one_text_color__hover_enabled=\u00a0\u00bboff\u00a0\u00bb button_two_text_color__hover_enabled=\u00a0\u00bboff\u00a0\u00bb button_border_width__hover_enabled=\u00a0\u00bboff\u00a0\u00bb button_one_border_width__hover_enabled=\u00a0\u00bboff\u00a0\u00bb button_two_border_width__hover_enabled=\u00a0\u00bboff\u00a0\u00bb button_border_color__hover_enabled=\u00a0\u00bboff\u00a0\u00bb button_one_border_color__hover_enabled=\u00a0\u00bboff\u00a0\u00bb button_two_border_color__hover_enabled=\u00a0\u00bboff\u00a0\u00bb button_border_radius__hover_enabled=\u00a0\u00bboff\u00a0\u00bb button_one_border_radius__hover_enabled=\u00a0\u00bboff\u00a0\u00bb button_two_border_radius__hover_enabled=\u00a0\u00bboff\u00a0\u00bb button_letter_spacing__hover_enabled=\u00a0\u00bboff\u00a0\u00bb button_one_letter_spacing__hover_enabled=\u00a0\u00bboff\u00a0\u00bb button_two_letter_spacing__hover_enabled=\u00a0\u00bboff\u00a0\u00bb button_bg_color__hover_enabled=\u00a0\u00bboff\u00a0\u00bb button_one_bg_color__hover_enabled=\u00a0\u00bboff\u00a0\u00bb button_two_bg_color__hover_enabled=\u00a0\u00bboff\u00a0\u00bb][\/et_pb_contact_field][et_pb_contact_field field_id=\u00a0\u00bbCourriel\u00a0\u00bb field_title=\u00a0\u00bbAdresse e-mail\u00a0\u00bb field_type=\u00a0\u00bbemail\u00a0\u00bb _builder_version=\u00a0\u00bb4.27.4&Prime; global_colors_info=\u00a0\u00bb{}\u00a0\u00bb button_text_size__hover_enabled=\u00a0\u00bboff\u00a0\u00bb button_one_text_size__hover_enabled=\u00a0\u00bboff\u00a0\u00bb button_two_text_size__hover_enabled=\u00a0\u00bboff\u00a0\u00bb button_text_color__hover_enabled=\u00a0\u00bboff\u00a0\u00bb button_one_text_color__hover_enabled=\u00a0\u00bboff\u00a0\u00bb button_two_text_color__hover_enabled=\u00a0\u00bboff\u00a0\u00bb button_border_width__hover_enabled=\u00a0\u00bboff\u00a0\u00bb button_one_border_width__hover_enabled=\u00a0\u00bboff\u00a0\u00bb button_two_border_width__hover_enabled=\u00a0\u00bboff\u00a0\u00bb button_border_color__hover_enabled=\u00a0\u00bboff\u00a0\u00bb button_one_border_color__hover_enabled=\u00a0\u00bboff\u00a0\u00bb button_two_border_color__hover_enabled=\u00a0\u00bboff\u00a0\u00bb button_border_radius__hover_enabled=\u00a0\u00bboff\u00a0\u00bb button_one_border_radius__hover_enabled=\u00a0\u00bboff\u00a0\u00bb button_two_border_radius__hover_enabled=\u00a0\u00bboff\u00a0\u00bb button_letter_spacing__hover_enabled=\u00a0\u00bboff\u00a0\u00bb button_one_letter_spacing__hover_enabled=\u00a0\u00bboff\u00a0\u00bb button_two_letter_spacing__hover_enabled=\u00a0\u00bboff\u00a0\u00bb button_bg_color__hover_enabled=\u00a0\u00bboff\u00a0\u00bb button_one_bg_color__hover_enabled=\u00a0\u00bboff\u00a0\u00bb button_two_bg_color__hover_enabled=\u00a0\u00bboff\u00a0\u00bb][\/et_pb_contact_field][et_pb_contact_field field_id=\u00a0\u00bbsujet\u00a0\u00bb field_title=\u00a0\u00bbSujet\u00a0\u00bb fullwidth_field=\u00a0\u00bbon\u00a0\u00bb _builder_version=\u00a0\u00bb4.27.4&Prime; _module_preset=\u00a0\u00bbdefault\u00a0\u00bb global_colors_info=\u00a0\u00bb{}\u00a0\u00bb][\/et_pb_contact_field][et_pb_contact_field field_id=\u00a0\u00bbMessage\u00a0\u00bb field_title=\u00a0\u00bbMessage\u00a0\u00bb field_type=\u00a0\u00bbtext\u00a0\u00bb fullwidth_field=\u00a0\u00bbon\u00a0\u00bb _builder_version=\u00a0\u00bb4.27.4&Prime; global_colors_info=\u00a0\u00bb{}\u00a0\u00bb button_text_size__hover_enabled=\u00a0\u00bboff\u00a0\u00bb button_one_text_size__hover_enabled=\u00a0\u00bboff\u00a0\u00bb button_two_text_size__hover_enabled=\u00a0\u00bboff\u00a0\u00bb button_text_color__hover_enabled=\u00a0\u00bboff\u00a0\u00bb button_one_text_color__hover_enabled=\u00a0\u00bboff\u00a0\u00bb button_two_text_color__hover_enabled=\u00a0\u00bboff\u00a0\u00bb button_border_width__hover_enabled=\u00a0\u00bboff\u00a0\u00bb button_one_border_width__hover_enabled=\u00a0\u00bboff\u00a0\u00bb button_two_border_width__hover_enabled=\u00a0\u00bboff\u00a0\u00bb button_border_color__hover_enabled=\u00a0\u00bboff\u00a0\u00bb button_one_border_color__hover_enabled=\u00a0\u00bboff\u00a0\u00bb button_two_border_color__hover_enabled=\u00a0\u00bboff\u00a0\u00bb button_border_radius__hover_enabled=\u00a0\u00bboff\u00a0\u00bb button_one_border_radius__hover_enabled=\u00a0\u00bboff\u00a0\u00bb button_two_border_radius__hover_enabled=\u00a0\u00bboff\u00a0\u00bb button_letter_spacing__hover_enabled=\u00a0\u00bboff\u00a0\u00bb button_one_letter_spacing__hover_enabled=\u00a0\u00bboff\u00a0\u00bb button_two_letter_spacing__hover_enabled=\u00a0\u00bboff\u00a0\u00bb button_bg_color__hover_enabled=\u00a0\u00bboff\u00a0\u00bb button_one_bg_color__hover_enabled=\u00a0\u00bboff\u00a0\u00bb button_two_bg_color__hover_enabled=\u00a0\u00bboff\u00a0\u00bb][\/et_pb_contact_field][\/et_pb_contact_form][\/et_pb_column][\/et_pb_row][\/et_pb_section][et_pb_section fb_built=\u00a0\u00bb1&Prime; fullwidth=\u00a0\u00bbon\u00a0\u00bb _builder_version=\u00a0\u00bb4.27.4&Prime; _module_preset=\u00a0\u00bbdefault\u00a0\u00bb global_colors_info=\u00a0\u00bb{}\u00a0\u00bb][et_pb_fullwidth_code _builder_version=\u00a0\u00bb4.27.4&Prime; _module_preset=\u00a0\u00bbdefault\u00a0\u00bb global_colors_info=\u00a0\u00bb{}\u00a0\u00bb]<iframe src=\"https:\/\/www.google.com\/maps\/embed?pb=!1m18!1m12!1m3!1d1400.6681640099823!2d-73.5405789637943!3d45.40255703754985!2m3!1f0!2f0!3f0!3m2!1i1024!2i768!4f13.1!3m3!1m2!1s0x4cc90f8257600bf3%3A0x5091126898309c68!2sGestion%20Immobilius%20inc.!5e0!3m2!1sfr!2sca!4v1755192850933!5m2!1sfr!2sca\" width=\"1880\" height=\"450\" style=\"border:0;\" allowfullscreen=\"\" loading=\"lazy\" referrerpolicy=\"no-referrer-when-downgrade\"><\/iframe>[\/et_pb_fullwidth_code][\/et_pb_section]\n","protected":false},"excerpt":{"rendered":"<p>Katrine BeaudryCONTACTEZ-NOUS !<\/p>\n","protected":false},"author":1,"featured_media":0,"parent":0,"menu_order":0,"comment_status":"closed","ping_status":"closed","template":"","meta":{"_et_pb_use_builder":"on","_et_pb_old_content":"<!-- wp:divi\/placeholder \/-->","_et_gb_content_width":"","footnotes":""},"class_list":["post-30","page","type-page","status-publish","hentry"],"yoast_head":"<!-- This site is optimized with the Yoast SEO plugin v27.5 - https:\/\/yoast.com\/product\/yoast-seo-wordpress\/ -->\n<title>Nous joindre - Gestion Immobilius<\/title>\n<meta name=\"description\" content=\"Gestion Immobilius est le partenaire id\u00e9al pour votre construction r\u00e9sidentielle. Construction de maisons de qualit\u00e9 sup\u00e9rieure.\" \/>\n<meta name=\"robots\" content=\"index, follow, max-snippet:-1, max-image-preview:large, max-video-preview:-1\" \/>\n<link rel=\"canonical\" href=\"https:\/\/gestionimmobilius.com\/fr\/nous-joindre\/\" \/>\n<meta property=\"og:locale\" content=\"fr_FR\" \/>\n<meta property=\"og:type\" content=\"article\" \/>\n<meta property=\"og:title\" content=\"Nous joindre - Gestion Immobilius\" \/>\n<meta property=\"og:description\" content=\"Gestion Immobilius est le partenaire id\u00e9al pour votre construction r\u00e9sidentielle. Construction de maisons de qualit\u00e9 sup\u00e9rieure.\" \/>\n<meta property=\"og:url\" content=\"https:\/\/gestionimmobilius.com\/fr\/nous-joindre\/\" \/>\n<meta property=\"og:site_name\" content=\"Gestion Immobilius\" \/>\n<meta property=\"article:modified_time\" content=\"2026-02-11T21:09:25+00:00\" \/>\n<meta name=\"twitter:card\" content=\"summary_large_image\" \/>\n<meta name=\"twitter:label1\" content=\"Dur\u00e9e de lecture estim\u00e9e\" \/>\n\t<meta name=\"twitter:data1\" content=\"1 minute\" \/>\n<script type=\"application\/ld+json\" class=\"yoast-schema-graph\">{\"@context\":\"https:\\\/\\\/schema.org\",\"@graph\":[{\"@type\":\"WebPage\",\"@id\":\"https:\\\/\\\/gestionimmobilius.com\\\/fr\\\/nous-joindre\\\/\",\"url\":\"https:\\\/\\\/gestionimmobilius.com\\\/fr\\\/nous-joindre\\\/\",\"name\":\"Nous joindre - Gestion Immobilius\",\"isPartOf\":{\"@id\":\"https:\\\/\\\/gestionimmobilius.com\\\/fr\\\/#website\"},\"datePublished\":\"2025-07-08T20:25:54+00:00\",\"dateModified\":\"2026-02-11T21:09:25+00:00\",\"description\":\"Gestion Immobilius est le partenaire id\u00e9al pour votre construction r\u00e9sidentielle. Construction de maisons de qualit\u00e9 sup\u00e9rieure.\",\"breadcrumb\":{\"@id\":\"https:\\\/\\\/gestionimmobilius.com\\\/fr\\\/nous-joindre\\\/#breadcrumb\"},\"inLanguage\":\"fr-FR\",\"potentialAction\":[{\"@type\":\"ReadAction\",\"target\":[\"https:\\\/\\\/gestionimmobilius.com\\\/fr\\\/nous-joindre\\\/\"]}]},{\"@type\":\"BreadcrumbList\",\"@id\":\"https:\\\/\\\/gestionimmobilius.com\\\/fr\\\/nous-joindre\\\/#breadcrumb\",\"itemListElement\":[{\"@type\":\"ListItem\",\"position\":1,\"name\":\"Accueil\",\"item\":\"https:\\\/\\\/gestionimmobilius.com\\\/fr\\\/\"},{\"@type\":\"ListItem\",\"position\":2,\"name\":\"Nous joindre\"}]},{\"@type\":\"WebSite\",\"@id\":\"https:\\\/\\\/gestionimmobilius.com\\\/fr\\\/#website\",\"url\":\"https:\\\/\\\/gestionimmobilius.com\\\/fr\\\/\",\"name\":\"Gestion Immobilius\",\"description\":\" Immobilius - Maison \u00e0 vendre\",\"publisher\":{\"@id\":\"https:\\\/\\\/gestionimmobilius.com\\\/fr\\\/#organization\"},\"potentialAction\":[{\"@type\":\"SearchAction\",\"target\":{\"@type\":\"EntryPoint\",\"urlTemplate\":\"https:\\\/\\\/gestionimmobilius.com\\\/fr\\\/?s={search_term_string}\"},\"query-input\":{\"@type\":\"PropertyValueSpecification\",\"valueRequired\":true,\"valueName\":\"search_term_string\"}}],\"inLanguage\":\"fr-FR\"},{\"@type\":\"Organization\",\"@id\":\"https:\\\/\\\/gestionimmobilius.com\\\/fr\\\/#organization\",\"name\":\"Gestion Immobilius\",\"url\":\"https:\\\/\\\/gestionimmobilius.com\\\/fr\\\/\",\"logo\":{\"@type\":\"ImageObject\",\"inLanguage\":\"fr-FR\",\"@id\":\"https:\\\/\\\/gestionimmobilius.com\\\/fr\\\/#\\\/schema\\\/logo\\\/image\\\/\",\"url\":\"https:\\\/\\\/gestionimmobilius.com\\\/fr\\\/wp-content\\\/uploads\\\/2025\\\/07\\\/logo-gestionimmobilius-entete.jpg\",\"contentUrl\":\"https:\\\/\\\/gestionimmobilius.com\\\/fr\\\/wp-content\\\/uploads\\\/2025\\\/07\\\/logo-gestionimmobilius-entete.jpg\",\"width\":548,\"height\":332,\"caption\":\"Gestion Immobilius\"},\"image\":{\"@id\":\"https:\\\/\\\/gestionimmobilius.com\\\/fr\\\/#\\\/schema\\\/logo\\\/image\\\/\"}}]}<\/script>\n<!-- \/ Yoast SEO plugin. -->","yoast_head_json":{"title":"Nous joindre - Gestion Immobilius","description":"Gestion Immobilius est le partenaire id\u00e9al pour votre construction r\u00e9sidentielle. Construction de maisons de qualit\u00e9 sup\u00e9rieure.","robots":{"index":"index","follow":"follow","max-snippet":"max-snippet:-1","max-image-preview":"max-image-preview:large","max-video-preview":"max-video-preview:-1"},"canonical":"https:\/\/gestionimmobilius.com\/fr\/nous-joindre\/","og_locale":"fr_FR","og_type":"article","og_title":"Nous joindre - Gestion Immobilius","og_description":"Gestion Immobilius est le partenaire id\u00e9al pour votre construction r\u00e9sidentielle. Construction de maisons de qualit\u00e9 sup\u00e9rieure.","og_url":"https:\/\/gestionimmobilius.com\/fr\/nous-joindre\/","og_site_name":"Gestion Immobilius","article_modified_time":"2026-02-11T21:09:25+00:00","twitter_card":"summary_large_image","twitter_misc":{"Dur\u00e9e de lecture estim\u00e9e":"1 minute"},"schema":{"@context":"https:\/\/schema.org","@graph":[{"@type":"WebPage","@id":"https:\/\/gestionimmobilius.com\/fr\/nous-joindre\/","url":"https:\/\/gestionimmobilius.com\/fr\/nous-joindre\/","name":"Nous joindre - Gestion Immobilius","isPartOf":{"@id":"https:\/\/gestionimmobilius.com\/fr\/#website"},"datePublished":"2025-07-08T20:25:54+00:00","dateModified":"2026-02-11T21:09:25+00:00","description":"Gestion Immobilius est le partenaire id\u00e9al pour votre construction r\u00e9sidentielle. Construction de maisons de qualit\u00e9 sup\u00e9rieure.","breadcrumb":{"@id":"https:\/\/gestionimmobilius.com\/fr\/nous-joindre\/#breadcrumb"},"inLanguage":"fr-FR","potentialAction":[{"@type":"ReadAction","target":["https:\/\/gestionimmobilius.com\/fr\/nous-joindre\/"]}]},{"@type":"BreadcrumbList","@id":"https:\/\/gestionimmobilius.com\/fr\/nous-joindre\/#breadcrumb","itemListElement":[{"@type":"ListItem","position":1,"name":"Accueil","item":"https:\/\/gestionimmobilius.com\/fr\/"},{"@type":"ListItem","position":2,"name":"Nous joindre"}]},{"@type":"WebSite","@id":"https:\/\/gestionimmobilius.com\/fr\/#website","url":"https:\/\/gestionimmobilius.com\/fr\/","name":"Gestion Immobilius","description":" Immobilius - Maison \u00e0 vendre","publisher":{"@id":"https:\/\/gestionimmobilius.com\/fr\/#organization"},"potentialAction":[{"@type":"SearchAction","target":{"@type":"EntryPoint","urlTemplate":"https:\/\/gestionimmobilius.com\/fr\/?s={search_term_string}"},"query-input":{"@type":"PropertyValueSpecification","valueRequired":true,"valueName":"search_term_string"}}],"inLanguage":"fr-FR"},{"@type":"Organization","@id":"https:\/\/gestionimmobilius.com\/fr\/#organization","name":"Gestion Immobilius","url":"https:\/\/gestionimmobilius.com\/fr\/","logo":{"@type":"ImageObject","inLanguage":"fr-FR","@id":"https:\/\/gestionimmobilius.com\/fr\/#\/schema\/logo\/image\/","url":"https:\/\/gestionimmobilius.com\/fr\/wp-content\/uploads\/2025\/07\/logo-gestionimmobilius-entete.jpg","contentUrl":"https:\/\/gestionimmobilius.com\/fr\/wp-content\/uploads\/2025\/07\/logo-gestionimmobilius-entete.jpg","width":548,"height":332,"caption":"Gestion Immobilius"},"image":{"@id":"https:\/\/gestionimmobilius.com\/fr\/#\/schema\/logo\/image\/"}}]}},"_links":{"self":[{"href":"https:\/\/gestionimmobilius.com\/fr\/wp-json\/wp\/v2\/pages\/30","targetHints":{"allow":["GET"]}}],"collection":[{"href":"https:\/\/gestionimmobilius.com\/fr\/wp-json\/wp\/v2\/pages"}],"about":[{"href":"https:\/\/gestionimmobilius.com\/fr\/wp-json\/wp\/v2\/types\/page"}],"author":[{"embeddable":true,"href":"https:\/\/gestionimmobilius.com\/fr\/wp-json\/wp\/v2\/users\/1"}],"replies":[{"embeddable":true,"href":"https:\/\/gestionimmobilius.com\/fr\/wp-json\/wp\/v2\/comments?post=30"}],"version-history":[{"count":21,"href":"https:\/\/gestionimmobilius.com\/fr\/wp-json\/wp\/v2\/pages\/30\/revisions"}],"predecessor-version":[{"id":783,"href":"https:\/\/gestionimmobilius.com\/fr\/wp-json\/wp\/v2\/pages\/30\/revisions\/783"}],"wp:attachment":[{"href":"https:\/\/gestionimmobilius.com\/fr\/wp-json\/wp\/v2\/media?parent=30"}],"curies":[{"name":"wp","href":"https:\/\/api.w.org\/{rel}","templated":true}]}}